{"id":853,"date":"2023-09-07T11:41:08","date_gmt":"2023-09-07T11:41:08","guid":{"rendered":"http:\/\/www.baskentnightclub.com\/?page_id=853"},"modified":"2023-09-13T08:24:06","modified_gmt":"2023-09-13T08:24:06","slug":"sovlar","status":"publish","type":"page","link":"http:\/\/www.baskentnightclub.com\/?page_id=853","title":{"rendered":"\u015eovlar"},"content":{"rendered":"\t\t<div data-elementor-type=\"wp-post\" data-elementor-id=\"853\" class=\"elementor elementor-853\">\n\t\t\t\t\t\t\t\t\t<section class=\"elementor-section elementor-top-section elementor-element elementor-element-d7d8b56 elementor-section-boxed elementor-section-height-default elementor-section-height-default\" data-id=\"d7d8b56\" data-element_type=\"section\" data-settings=\"{&quot;background_background&quot;:&quot;classic&quot;}\">\n\t\t\t\t\t\t\t<div class=\"elementor-background-overlay\"><\/div>\n\t\t\t\t\t\t\t<div class=\"elementor-container elementor-column-gap-default\">\n\t\t\t\t\t<div class=\"elementor-column elementor-col-100 elementor-top-column elementor-element elementor-element-fd69444\" data-id=\"fd69444\" data-element_type=\"column\">\n\t\t\t<div class=\"elementor-widget-wrap elementor-element-populated\">\n\t\t\t\t\t\t\t\t<div class=\"elementor-element elementor-element-abcc2f2 elementor-widget elementor-widget-heading\" data-id=\"abcc2f2\" data-element_type=\"widget\" data-widget_type=\"heading.default\">\n\t\t\t\t<div class=\"elementor-widget-container\">\n\t\t\t<style>\/*! elementor - v3.16.0 - 14-09-2023 *\/\n.elementor-heading-title{padding:0;margin:0;line-height:1}.elementor-widget-heading .elementor-heading-title[class*=elementor-size-]>a{color:inherit;font-size:inherit;line-height:inherit}.elementor-widget-heading .elementor-heading-title.elementor-size-small{font-size:15px}.elementor-widget-heading .elementor-heading-title.elementor-size-medium{font-size:19px}.elementor-widget-heading .elementor-heading-title.elementor-size-large{font-size:29px}.elementor-widget-heading .elementor-heading-title.elementor-size-xl{font-size:39px}.elementor-widget-heading .elementor-heading-title.elementor-size-xxl{font-size:59px}<\/style><h1 class=\"elementor-heading-title elementor-size-default\">\u015eovlar<\/h1>\t\t<\/div>\n\t\t\t\t<\/div>\n\t\t\t\t\t<\/div>\n\t\t<\/div>\n\t\t\t\t\t\t\t<\/div>\n\t\t<\/section>\n\t\t\t\t<section class=\"elementor-section elementor-top-section elementor-element elementor-element-541c6d5 elementor-section-boxed elementor-section-height-default elementor-section-height-default\" data-id=\"541c6d5\" data-element_type=\"section\">\n\t\t\t\t\t\t<div class=\"elementor-container elementor-column-gap-default\">\n\t\t\t\t\t<div class=\"elementor-column elementor-col-33 elementor-top-column elementor-element elementor-element-9baf4b6\" data-id=\"9baf4b6\" data-element_type=\"column\">\n\t\t\t<div class=\"elementor-widget-wrap elementor-element-populated\">\n\t\t\t\t\t\t\t\t<div class=\"elementor-element elementor-element-0cbe42b elementor-widget elementor-widget-video\" data-id=\"0cbe42b\" data-element_type=\"widget\" data-settings=\"{&quot;video_type&quot;:&quot;hosted&quot;,&quot;controls&quot;:&quot;yes&quot;}\" data-widget_type=\"video.default\">\n\t\t\t\t<div class=\"elementor-widget-container\">\n\t\t\t<style>\/*! elementor - v3.16.0 - 14-09-2023 *\/\n.elementor-widget-video .elementor-widget-container{overflow:hidden;transform:translateZ(0)}.elementor-widget-video .elementor-wrapper{aspect-ratio:var(--video-aspect-ratio)}.elementor-widget-video .elementor-wrapper iframe,.elementor-widget-video .elementor-wrapper video{height:100%;width:100%;display:flex;border:none;background-color:#000}@supports not (aspect-ratio:1\/1){.elementor-widget-video .elementor-wrapper{position:relative;overflow:hidden;height:0;padding-bottom:calc(100% \/ var(--video-aspect-ratio))}.elementor-widget-video .elementor-wrapper iframe,.elementor-widget-video .elementor-wrapper video{position:absolute;top:0;right:0;bottom:0;left:0}}.elementor-widget-video .elementor-open-inline .elementor-custom-embed-image-overlay{position:absolute;top:0;right:0;bottom:0;left:0;background-size:cover;background-position:50%}.elementor-widget-video .elementor-custom-embed-image-overlay{cursor:pointer;text-align:center}.elementor-widget-video .elementor-custom-embed-image-overlay:hover .elementor-custom-embed-play i{opacity:1}.elementor-widget-video .elementor-custom-embed-image-overlay img{display:block;width:100%;aspect-ratio:var(--video-aspect-ratio);-o-object-fit:cover;object-fit:cover;-o-object-position:center center;object-position:center center}@supports not (aspect-ratio:1\/1){.elementor-widget-video .elementor-custom-embed-image-overlay{position:relative;overflow:hidden;height:0;padding-bottom:calc(100% \/ var(--video-aspect-ratio))}.elementor-widget-video .elementor-custom-embed-image-overlay img{position:absolute;top:0;right:0;bottom:0;left:0}}.elementor-widget-video .e-hosted-video .elementor-video{-o-object-fit:cover;object-fit:cover}.e-con-inner>.elementor-widget-video,.e-con>.elementor-widget-video{width:var(--container-widget-width);--flex-grow:var(--container-widget-flex-grow)}<\/style>\t\t<div class=\"e-hosted-video elementor-wrapper elementor-open-inline\">\n\t\t\t\t\t<video class=\"elementor-video\" src=\"http:\/\/www.baskentnightclub.com\/wp-content\/uploads\/2023\/09\/Untitled-2-1.mp4\" controls=\"\" preload=\"metadata\" controlsList=\"nodownload\"><\/video>\n\t\t\t\t<\/div>\n\t\t\t\t<\/div>\n\t\t\t\t<\/div>\n\t\t\t\t\t<\/div>\n\t\t<\/div>\n\t\t\t\t<div class=\"elementor-column elementor-col-33 elementor-top-column elementor-element elementor-element-a230e3a\" data-id=\"a230e3a\" data-element_type=\"column\">\n\t\t\t<div class=\"elementor-widget-wrap elementor-element-populated\">\n\t\t\t\t\t\t\t\t<div class=\"elementor-element elementor-element-935511e elementor-widget elementor-widget-video\" data-id=\"935511e\" data-element_type=\"widget\" data-settings=\"{&quot;video_type&quot;:&quot;hosted&quot;,&quot;controls&quot;:&quot;yes&quot;}\" data-widget_type=\"video.default\">\n\t\t\t\t<div class=\"elementor-widget-container\">\n\t\t\t\t\t<div class=\"e-hosted-video elementor-wrapper elementor-open-inline\">\n\t\t\t\t\t<video class=\"elementor-video\" src=\"http:\/\/www.baskentnightclub.com\/wp-content\/uploads\/2023\/09\/Untitled-2-2.mp4\" controls=\"\" preload=\"metadata\" controlsList=\"nodownload\"><\/video>\n\t\t\t\t<\/div>\n\t\t\t\t<\/div>\n\t\t\t\t<\/div>\n\t\t\t\t\t<\/div>\n\t\t<\/div>\n\t\t\t\t<div class=\"elementor-column elementor-col-33 elementor-top-column elementor-element elementor-element-25dbc9b\" data-id=\"25dbc9b\" data-element_type=\"column\">\n\t\t\t<div class=\"elementor-widget-wrap elementor-element-populated\">\n\t\t\t\t\t\t\t\t<div class=\"elementor-element elementor-element-272b267 elementor-widget elementor-widget-video\" data-id=\"272b267\" data-element_type=\"widget\" data-settings=\"{&quot;video_type&quot;:&quot;hosted&quot;,&quot;controls&quot;:&quot;yes&quot;}\" data-widget_type=\"video.default\">\n\t\t\t\t<div class=\"elementor-widget-container\">\n\t\t\t\t\t<div class=\"e-hosted-video elementor-wrapper elementor-open-inline\">\n\t\t\t\t\t<video class=\"elementor-video\" src=\"http:\/\/www.baskentnightclub.com\/wp-content\/uploads\/2023\/09\/Untitled.mp4\" controls=\"\" preload=\"metadata\" controlsList=\"nodownload\"><\/video>\n\t\t\t\t<\/div>\n\t\t\t\t<\/div>\n\t\t\t\t<\/div>\n\t\t\t\t\t<\/div>\n\t\t<\/div>\n\t\t\t\t\t\t\t<\/div>\n\t\t<\/section>\n\t\t\t\t<section class=\"elementor-section elementor-top-section elementor-element elementor-element-8b0bf49 elementor-section-boxed elementor-section-height-default elementor-section-height-default\" data-id=\"8b0bf49\" data-element_type=\"section\">\n\t\t\t\t\t\t<div class=\"elementor-container elementor-column-gap-default\">\n\t\t\t\t\t<div class=\"elementor-column elementor-col-33 elementor-top-column elementor-element elementor-element-21e4e84\" data-id=\"21e4e84\" data-element_type=\"column\">\n\t\t\t<div class=\"elementor-widget-wrap elementor-element-populated\">\n\t\t\t\t\t\t\t\t<div class=\"elementor-element elementor-element-f653be5 elementor-widget elementor-widget-video\" data-id=\"f653be5\" data-element_type=\"widget\" data-settings=\"{&quot;video_type&quot;:&quot;hosted&quot;,&quot;controls&quot;:&quot;yes&quot;}\" data-widget_type=\"video.default\">\n\t\t\t\t<div class=\"elementor-widget-container\">\n\t\t\t\t\t<div class=\"e-hosted-video elementor-wrapper elementor-open-inline\">\n\t\t\t\t\t<video class=\"elementor-video\" src=\"http:\/\/www.baskentnightclub.com\/wp-content\/uploads\/2023\/09\/IMG_3756.mov\" controls=\"\" preload=\"metadata\" controlsList=\"nodownload\"><\/video>\n\t\t\t\t<\/div>\n\t\t\t\t<\/div>\n\t\t\t\t<\/div>\n\t\t\t\t\t<\/div>\n\t\t<\/div>\n\t\t\t\t<div class=\"elementor-column elementor-col-33 elementor-top-column elementor-element elementor-element-85350ab\" data-id=\"85350ab\" data-element_type=\"column\">\n\t\t\t<div class=\"elementor-widget-wrap elementor-element-populated\">\n\t\t\t\t\t\t\t\t<div class=\"elementor-element elementor-element-04a3c56 elementor-widget elementor-widget-video\" data-id=\"04a3c56\" data-element_type=\"widget\" data-settings=\"{&quot;video_type&quot;:&quot;hosted&quot;,&quot;controls&quot;:&quot;yes&quot;}\" data-widget_type=\"video.default\">\n\t\t\t\t<div class=\"elementor-widget-container\">\n\t\t\t\t\t<div class=\"e-hosted-video elementor-wrapper elementor-open-inline\">\n\t\t\t\t\t<video class=\"elementor-video\" src=\"http:\/\/www.baskentnightclub.com\/wp-content\/uploads\/2023\/09\/video-output-451043EB-3C50-4D02-9463-15B88F7922BD.mp4\" controls=\"\" preload=\"metadata\" controlsList=\"nodownload\"><\/video>\n\t\t\t\t<\/div>\n\t\t\t\t<\/div>\n\t\t\t\t<\/div>\n\t\t\t\t\t<\/div>\n\t\t<\/div>\n\t\t\t\t<div class=\"elementor-column elementor-col-33 elementor-top-column elementor-element elementor-element-d9e0fb1\" data-id=\"d9e0fb1\" data-element_type=\"column\">\n\t\t\t<div class=\"elementor-widget-wrap elementor-element-populated\">\n\t\t\t\t\t\t\t\t<div class=\"elementor-element elementor-element-976e59f elementor-widget elementor-widget-video\" data-id=\"976e59f\" data-element_type=\"widget\" data-settings=\"{&quot;video_type&quot;:&quot;hosted&quot;,&quot;controls&quot;:&quot;yes&quot;}\" data-widget_type=\"video.default\">\n\t\t\t\t<div class=\"elementor-widget-container\">\n\t\t\t\t\t<div class=\"e-hosted-video elementor-wrapper elementor-open-inline\">\n\t\t\t\t\t<video class=\"elementor-video\" src=\"http:\/\/www.baskentnightclub.com\/wp-content\/uploads\/2023\/09\/video-output-B98B9F4D-8AB0-4B9E-BADE-924FFC6C4F1A.mov\" controls=\"\" preload=\"metadata\" controlsList=\"nodownload\"><\/video>\n\t\t\t\t<\/div>\n\t\t\t\t<\/div>\n\t\t\t\t<\/div>\n\t\t\t\t\t<\/div>\n\t\t<\/div>\n\t\t\t\t\t\t\t<\/div>\n\t\t<\/section>\n\t\t\t\t<section class=\"elementor-section elementor-top-section elementor-element elementor-element-342b789 elementor-section-boxed elementor-section-height-default elementor-section-height-default\" data-id=\"342b789\" data-element_type=\"section\">\n\t\t\t\t\t\t<div class=\"elementor-container elementor-column-gap-default\">\n\t\t\t\t\t<div class=\"elementor-column elementor-col-33 elementor-top-column elementor-element elementor-element-b6932d0\" data-id=\"b6932d0\" data-element_type=\"column\">\n\t\t\t<div class=\"elementor-widget-wrap elementor-element-populated\">\n\t\t\t\t\t\t\t\t<div class=\"elementor-element elementor-element-9393208 elementor-widget elementor-widget-video\" data-id=\"9393208\" data-element_type=\"widget\" data-settings=\"{&quot;video_type&quot;:&quot;hosted&quot;,&quot;controls&quot;:&quot;yes&quot;}\" data-widget_type=\"video.default\">\n\t\t\t\t<div class=\"elementor-widget-container\">\n\t\t\t\t\t<div class=\"e-hosted-video elementor-wrapper elementor-open-inline\">\n\t\t\t\t\t<video class=\"elementor-video\" src=\"http:\/\/www.baskentnightclub.com\/wp-content\/uploads\/2023\/09\/Baskent-Night-Clup-Video.mp4\" controls=\"\" preload=\"metadata\" controlsList=\"nodownload\"><\/video>\n\t\t\t\t<\/div>\n\t\t\t\t<\/div>\n\t\t\t\t<\/div>\n\t\t\t\t\t<\/div>\n\t\t<\/div>\n\t\t\t\t<div class=\"elementor-column elementor-col-33 elementor-top-column elementor-element elementor-element-b2ce075\" data-id=\"b2ce075\" data-element_type=\"column\">\n\t\t\t<div class=\"elementor-widget-wrap elementor-element-populated\">\n\t\t\t\t\t\t\t\t<div class=\"elementor-element elementor-element-d61048b elementor-widget elementor-widget-video\" data-id=\"d61048b\" data-element_type=\"widget\" data-settings=\"{&quot;video_type&quot;:&quot;hosted&quot;,&quot;controls&quot;:&quot;yes&quot;}\" data-widget_type=\"video.default\">\n\t\t\t\t<div class=\"elementor-widget-container\">\n\t\t\t\t\t<div class=\"e-hosted-video elementor-wrapper elementor-open-inline\">\n\t\t\t\t\t<video class=\"elementor-video\" src=\"http:\/\/www.baskentnightclub.com\/wp-content\/uploads\/2023\/09\/video-output-30A5EBF1-2476-4762-8DD9-5CDD57B5F920.mov\" controls=\"\" preload=\"metadata\" controlsList=\"nodownload\"><\/video>\n\t\t\t\t<\/div>\n\t\t\t\t<\/div>\n\t\t\t\t<\/div>\n\t\t\t\t\t<\/div>\n\t\t<\/div>\n\t\t\t\t<div class=\"elementor-column elementor-col-33 elementor-top-column elementor-element elementor-element-798d956\" data-id=\"798d956\" data-element_type=\"column\">\n\t\t\t<div class=\"elementor-widget-wrap elementor-element-populated\">\n\t\t\t\t\t\t\t\t<div class=\"elementor-element elementor-element-d571e5a elementor-widget elementor-widget-video\" data-id=\"d571e5a\" data-element_type=\"widget\" data-settings=\"{&quot;video_type&quot;:&quot;hosted&quot;,&quot;controls&quot;:&quot;yes&quot;}\" data-widget_type=\"video.default\">\n\t\t\t\t<div class=\"elementor-widget-container\">\n\t\t\t\t\t<div class=\"e-hosted-video elementor-wrapper elementor-open-inline\">\n\t\t\t\t\t<video class=\"elementor-video\" src=\"http:\/\/www.baskentnightclub.com\/wp-content\/uploads\/2023\/09\/Untitled-2.mp4\" controls=\"\" preload=\"metadata\" controlsList=\"nodownload\"><\/video>\n\t\t\t\t<\/div>\n\t\t\t\t<\/div>\n\t\t\t\t<\/div>\n\t\t\t\t\t<\/div>\n\t\t<\/div>\n\t\t\t\t\t\t\t<\/div>\n\t\t<\/section>\n\t\t\t\t\t\t\t<\/div>\n\t\t","protected":false},"excerpt":{"rendered":"<p>\u015eovlar http:\/\/www.baskentnightclub.com\/wp-content\/uploads\/2023\/09\/Untitled-2-1.mp4http:\/\/www.baskentnightclub.com\/wp-content\/uploads\/2023\/09\/Untitled-2-2.mp4http:\/\/www.baskentnightclub.com\/wp-content\/uploads\/2023\/09\/Untitled.mp4http:\/\/www.baskentnightclub.com\/wp-content\/uploads\/2023\/09\/IMG_3756.movhttp:\/\/www.baskentnightclub.com\/wp-content\/uploads\/2023\/09\/video-output-451043EB-3C50-4D02-9463-15B88F7922BD.mp4http:\/\/www.baskentnightclub.com\/wp-content\/uploads\/2023\/09\/video-output-B98B9F4D-8AB0-4B9E-BADE-924FFC6C4F1A.movhttp:\/\/www.baskentnightclub.com\/wp-content\/uploads\/2023\/09\/Baskent-Night-Clup-Video.mp4http:\/\/www.baskentnightclub.com\/wp-content\/uploads\/2023\/09\/video-output-30A5EBF1-2476-4762-8DD9-5CDD57B5F920.movhttp:\/\/www.baskentnightclub.com\/wp-content\/uploads\/2023\/09\/Untitled-2.mp4<\/p>\n","protected":false},"author":1,"featured_media":0,"parent":0,"menu_order":0,"comment_status":"closed","ping_status":"closed","template":"","meta":{"site-sidebar-layout":"no-sidebar","site-content-layout":"page-builder","ast-site-content-layout":"full-width-container","site-content-style":"unboxed","site-sidebar-style":"unboxed","ast-global-header-display":"","ast-banner-title-visibility":"","ast-main-header-display":"","ast-hfb-above-header-display":"","ast-hfb-below-header-display":"","ast-hfb-mobile-header-display":"","site-post-title":"disabled","ast-breadcrumbs-content":"","ast-featured-img":"disabled","footer-sml-layout":"","theme-transparent-header-meta":"enabled","adv-header-id-meta":"","stick-header-meta":"","header-above-stick-meta":"","header-main-stick-meta":"","header-below-stick-meta":"","astra-migrate-meta-layouts":"set","footnotes":""},"class_list":["post-853","page","type-page","status-publish","hentry"],"yoast_head":"<!-- This site is optimized with the Yoast SEO plugin v21.2 - https:\/\/yoast.com\/wordpress\/plugins\/seo\/ -->\n<title>\u015eovlar - Ba\u015fkent Night Club<\/title>\n<meta name=\"description\" content=\"Gece boyu siz de\u011ferli misafirlerimize unutulmaz \u015fov ve sahne g\u00f6sterileri sunan Ankara Night Club videolar\u0131 takip edebilirsiniz\" \/>\n<meta name=\"robots\" content=\"index, follow, max-snippet:-1, max-image-preview:large, max-video-preview:-1\" \/>\n<link rel=\"canonical\" href=\"http:\/\/www.baskentnightclub.com\/?page_id=853\" \/>\n<meta property=\"og:locale\" content=\"tr_TR\" \/>\n<meta property=\"og:type\" content=\"article\" \/>\n<meta property=\"og:title\" content=\"\u015eovlar - Ba\u015fkent Night Club\" \/>\n<meta property=\"og:description\" content=\"Gece boyu siz de\u011ferli misafirlerimize unutulmaz \u015fov ve sahne g\u00f6sterileri sunan Ankara Night Club videolar\u0131 takip edebilirsiniz\" \/>\n<meta property=\"og:url\" content=\"http:\/\/www.baskentnightclub.com\/?page_id=853\" \/>\n<meta property=\"og:site_name\" content=\"Ba\u015fkent Night Club\" \/>\n<meta property=\"article:modified_time\" content=\"2023-09-13T08:24:06+00:00\" \/>\n<meta name=\"twitter:card\" content=\"summary_large_image\" \/>\n<meta name=\"twitter:label1\" content=\"Tahmini okuma s\u00fcresi\" \/>\n\t<meta name=\"twitter:data1\" content=\"1 dakika\" \/>\n<script type=\"application\/ld+json\" class=\"yoast-schema-graph\">{\"@context\":\"https:\/\/schema.org\",\"@graph\":[{\"@type\":\"WebPage\",\"@id\":\"http:\/\/www.baskentnightclub.com\/?page_id=853\",\"url\":\"http:\/\/www.baskentnightclub.com\/?page_id=853\",\"name\":\"\u015eovlar - Ba\u015fkent Night Club\",\"isPartOf\":{\"@id\":\"http:\/\/www.baskentnightclub.com\/#website\"},\"datePublished\":\"2023-09-07T11:41:08+00:00\",\"dateModified\":\"2023-09-13T08:24:06+00:00\",\"description\":\"Gece boyu siz de\u011ferli misafirlerimize unutulmaz \u015fov ve sahne g\u00f6sterileri sunan Ankara Night Club videolar\u0131 takip edebilirsiniz\",\"breadcrumb\":{\"@id\":\"http:\/\/www.baskentnightclub.com\/?page_id=853#breadcrumb\"},\"inLanguage\":\"tr\",\"potentialAction\":[{\"@type\":\"ReadAction\",\"target\":[\"http:\/\/www.baskentnightclub.com\/?page_id=853\"]}]},{\"@type\":\"BreadcrumbList\",\"@id\":\"http:\/\/www.baskentnightclub.com\/?page_id=853#breadcrumb\",\"itemListElement\":[{\"@type\":\"ListItem\",\"position\":1,\"name\":\"Anasayfa\",\"item\":\"http:\/\/www.baskentnightclub.com\/\"},{\"@type\":\"ListItem\",\"position\":2,\"name\":\"\u015eovlar\"}]},{\"@type\":\"WebSite\",\"@id\":\"http:\/\/www.baskentnightclub.com\/#website\",\"url\":\"http:\/\/www.baskentnightclub.com\/\",\"name\":\"Ba\u015fkent Night Club\",\"description\":\"E\u011flencenin ritmini hisset\",\"publisher\":{\"@id\":\"http:\/\/www.baskentnightclub.com\/#organization\"},\"potentialAction\":[{\"@type\":\"SearchAction\",\"target\":{\"@type\":\"EntryPoint\",\"urlTemplate\":\"http:\/\/www.baskentnightclub.com\/?s={search_term_string}\"},\"query-input\":\"required name=search_term_string\"}],\"inLanguage\":\"tr\"},{\"@type\":\"Organization\",\"@id\":\"http:\/\/www.baskentnightclub.com\/#organization\",\"name\":\"Ba\u015fkent Night Club\",\"url\":\"http:\/\/www.baskentnightclub.com\/\",\"logo\":{\"@type\":\"ImageObject\",\"inLanguage\":\"tr\",\"@id\":\"http:\/\/www.baskentnightclub.com\/#\/schema\/logo\/image\/\",\"url\":\"http:\/\/www.baskentnightclub.com\/wp-content\/uploads\/2023\/09\/cropped-cropped-baskent-logo-altin-2.png\",\"contentUrl\":\"http:\/\/www.baskentnightclub.com\/wp-content\/uploads\/2023\/09\/cropped-cropped-baskent-logo-altin-2.png\",\"width\":1562,\"height\":819,\"caption\":\"Ba\u015fkent Night Club\"},\"image\":{\"@id\":\"http:\/\/www.baskentnightclub.com\/#\/schema\/logo\/image\/\"}}]}<\/script>\n<!-- \/ Yoast SEO plugin. -->","yoast_head_json":{"title":"\u015eovlar - Ba\u015fkent Night Club","description":"Gece boyu siz de\u011ferli misafirlerimize unutulmaz \u015fov ve sahne g\u00f6sterileri sunan Ankara Night Club videolar\u0131 takip edebilirsiniz","robots":{"index":"index","follow":"follow","max-snippet":"max-snippet:-1","max-image-preview":"max-image-preview:large","max-video-preview":"max-video-preview:-1"},"canonical":"http:\/\/www.baskentnightclub.com\/?page_id=853","og_locale":"tr_TR","og_type":"article","og_title":"\u015eovlar - Ba\u015fkent Night Club","og_description":"Gece boyu siz de\u011ferli misafirlerimize unutulmaz \u015fov ve sahne g\u00f6sterileri sunan Ankara Night Club videolar\u0131 takip edebilirsiniz","og_url":"http:\/\/www.baskentnightclub.com\/?page_id=853","og_site_name":"Ba\u015fkent Night Club","article_modified_time":"2023-09-13T08:24:06+00:00","twitter_card":"summary_large_image","twitter_misc":{"Tahmini okuma s\u00fcresi":"1 dakika"},"schema":{"@context":"https:\/\/schema.org","@graph":[{"@type":"WebPage","@id":"http:\/\/www.baskentnightclub.com\/?page_id=853","url":"http:\/\/www.baskentnightclub.com\/?page_id=853","name":"\u015eovlar - Ba\u015fkent Night Club","isPartOf":{"@id":"http:\/\/www.baskentnightclub.com\/#website"},"datePublished":"2023-09-07T11:41:08+00:00","dateModified":"2023-09-13T08:24:06+00:00","description":"Gece boyu siz de\u011ferli misafirlerimize unutulmaz \u015fov ve sahne g\u00f6sterileri sunan Ankara Night Club videolar\u0131 takip edebilirsiniz","breadcrumb":{"@id":"http:\/\/www.baskentnightclub.com\/?page_id=853#breadcrumb"},"inLanguage":"tr","potentialAction":[{"@type":"ReadAction","target":["http:\/\/www.baskentnightclub.com\/?page_id=853"]}]},{"@type":"BreadcrumbList","@id":"http:\/\/www.baskentnightclub.com\/?page_id=853#breadcrumb","itemListElement":[{"@type":"ListItem","position":1,"name":"Anasayfa","item":"http:\/\/www.baskentnightclub.com\/"},{"@type":"ListItem","position":2,"name":"\u015eovlar"}]},{"@type":"WebSite","@id":"http:\/\/www.baskentnightclub.com\/#website","url":"http:\/\/www.baskentnightclub.com\/","name":"Ba\u015fkent Night Club","description":"E\u011flencenin ritmini hisset","publisher":{"@id":"http:\/\/www.baskentnightclub.com\/#organization"},"potentialAction":[{"@type":"SearchAction","target":{"@type":"EntryPoint","urlTemplate":"http:\/\/www.baskentnightclub.com\/?s={search_term_string}"},"query-input":"required name=search_term_string"}],"inLanguage":"tr"},{"@type":"Organization","@id":"http:\/\/www.baskentnightclub.com\/#organization","name":"Ba\u015fkent Night Club","url":"http:\/\/www.baskentnightclub.com\/","logo":{"@type":"ImageObject","inLanguage":"tr","@id":"http:\/\/www.baskentnightclub.com\/#\/schema\/logo\/image\/","url":"http:\/\/www.baskentnightclub.com\/wp-content\/uploads\/2023\/09\/cropped-cropped-baskent-logo-altin-2.png","contentUrl":"http:\/\/www.baskentnightclub.com\/wp-content\/uploads\/2023\/09\/cropped-cropped-baskent-logo-altin-2.png","width":1562,"height":819,"caption":"Ba\u015fkent Night Club"},"image":{"@id":"http:\/\/www.baskentnightclub.com\/#\/schema\/logo\/image\/"}}]}},"_links":{"self":[{"href":"http:\/\/www.baskentnightclub.com\/index.php?rest_route=\/wp\/v2\/pages\/853","targetHints":{"allow":["GET"]}}],"collection":[{"href":"http:\/\/www.baskentnightclub.com\/index.php?rest_route=\/wp\/v2\/pages"}],"about":[{"href":"http:\/\/www.baskentnightclub.com\/index.php?rest_route=\/wp\/v2\/types\/page"}],"author":[{"embeddable":true,"href":"http:\/\/www.baskentnightclub.com\/index.php?rest_route=\/wp\/v2\/users\/1"}],"replies":[{"embeddable":true,"href":"http:\/\/www.baskentnightclub.com\/index.php?rest_route=%2Fwp%2Fv2%2Fcomments&post=853"}],"version-history":[{"count":15,"href":"http:\/\/www.baskentnightclub.com\/index.php?rest_route=\/wp\/v2\/pages\/853\/revisions"}],"predecessor-version":[{"id":917,"href":"http:\/\/www.baskentnightclub.com\/index.php?rest_route=\/wp\/v2\/pages\/853\/revisions\/917"}],"wp:attachment":[{"href":"http:\/\/www.baskentnightclub.com\/index.php?rest_route=%2Fwp%2Fv2%2Fmedia&parent=853"}],"curies":[{"name":"wp","href":"https:\/\/api.w.org\/{rel}","templated":true}]}}